{"id":2126,"date":"2024-04-05T16:39:57","date_gmt":"2024-04-05T14:39:57","guid":{"rendered":"https:\/\/www.sdservicesrls.com\/?page_id=2126"},"modified":"2026-02-26T10:17:10","modified_gmt":"2026-02-26T09:17:10","slug":"caffe","status":"publish","type":"page","link":"https:\/\/www.sdservicesrls.com\/index.php\/caffe\/","title":{"rendered":"REPARTO CAPSULE CAFF\u00c8"},"content":{"rendered":"\n<div class=\"wp-block-columns is-layout-flex wp-container-core-columns-is-layout-9d6595d7 wp-block-columns-is-layout-flex\">\n<div class=\"wp-block-column is-layout-flow wp-block-column-is-layout-flow\"><\/div>\n\n\n\n<div class=\"wp-block-column is-layout-flow wp-block-column-is-layout-flow\"><\/div>\n\n\n\n<div class=\"wp-block-column is-layout-flow wp-block-column-is-layout-flow\"><\/div>\n<\/div>\n\n\n\n<figure class=\"wp-block-image size-large\"><img loading=\"lazy\" decoding=\"async\" width=\"1024\" height=\"484\" src=\"https:\/\/www.sdservicesrls.com\/wp-content\/uploads\/2024\/07\/FOTO-MACCHINE-CAFFE-1024x484.jpg\" alt=\"\" class=\"wp-image-2224\" srcset=\"https:\/\/www.sdservicesrls.com\/wp-content\/uploads\/2024\/07\/FOTO-MACCHINE-CAFFE-1024x484.jpg 1024w, https:\/\/www.sdservicesrls.com\/wp-content\/uploads\/2024\/07\/FOTO-MACCHINE-CAFFE-300x142.jpg 300w, https:\/\/www.sdservicesrls.com\/wp-content\/uploads\/2024\/07\/FOTO-MACCHINE-CAFFE-768x363.jpg 768w, https:\/\/www.sdservicesrls.com\/wp-content\/uploads\/2024\/07\/FOTO-MACCHINE-CAFFE.jpg 1184w\" sizes=\"auto, (max-width: 1024px) 100vw, 1024px\" \/><\/figure>\n\n\n\n<div class=\"wp-block-columns is-layout-flex wp-container-core-columns-is-layout-9d6595d7 wp-block-columns-is-layout-flex\">\n<div class=\"wp-block-column is-layout-flow wp-block-column-is-layout-flow\"><\/div>\n\n\n\n<div class=\"wp-block-column is-layout-flow wp-block-column-is-layout-flow\"><\/div>\n<\/div>\n\n\n\n<p>Macchine del caff\u00e8 in comodato d&#8217;uso gratuito. Acquista le capsule di caff\u00e8 e la macchina te la diamo noi !<\/p>\n\n\n\n<p>7 tipi di caff\u00e8 diversi dal pi\u00f9 intenso e forte a quello pi\u00f9 delicato dalla crema soave.<\/p>\n\n\n\n<p>Tante bevande sfiziose come cioccolata, nocciolino, creme brul\u00e8e, biscottino ma anche i classici cappuccino, orzo, ginseng, the e molti altri gusti.<\/p>\n\n\n\n<p>Compatibili anche per : DOLCEGUSTO, NESPRESSO, A MODO MIO e altre marche di macchine di caff\u00e8!<\/p>\n\n\n\n<div class=\"wp-block-file\"><a id=\"wp-block-file--media-aaf0467f-44da-4595-a468-7ebeeb515345\" href=\"https:\/\/www.sdservicesrls.com\/wp-content\/uploads\/2025\/02\/guarda-il-nostro-negozio-2.mp4\">guarda il nostro negozio<\/a><a href=\"https:\/\/www.sdservicesrls.com\/wp-content\/uploads\/2025\/02\/guarda-il-nostro-negozio-2.mp4\" class=\"wp-block-file__button wp-element-button\" download aria-describedby=\"wp-block-file--media-aaf0467f-44da-4595-a468-7ebeeb515345\">Download<\/a><\/div>\n\n\n\n<figure class=\"wp-block-gallery has-nested-images columns-default is-cropped wp-block-gallery-1 is-layout-flex wp-block-gallery-is-layout-flex\">\n<figure class=\"wp-block-image size-large\"><img loading=\"lazy\" decoding=\"async\" width=\"724\" height=\"1024\" data-id=\"2399\" src=\"https:\/\/www.sdservicesrls.com\/wp-content\/uploads\/2026\/02\/1-724x1024.png\" alt=\"\" class=\"wp-image-2399\" srcset=\"https:\/\/www.sdservicesrls.com\/wp-content\/uploads\/2026\/02\/1-724x1024.png 724w, https:\/\/www.sdservicesrls.com\/wp-content\/uploads\/2026\/02\/1-212x300.png 212w, https:\/\/www.sdservicesrls.com\/wp-content\/uploads\/2026\/02\/1-768x1086.png 768w, https:\/\/www.sdservicesrls.com\/wp-content\/uploads\/2026\/02\/1-1086x1536.png 1086w, https:\/\/www.sdservicesrls.com\/wp-content\/uploads\/2026\/02\/1.png 1414w\" sizes=\"auto, (max-width: 724px) 100vw, 724px\" \/><\/figure>\n<\/figure>\n\n\n\n<p><\/p>\n","protected":false},"excerpt":{"rendered":"<p>Macchine del caff\u00e8 in comodato d&#8217;uso gratuito. Acquista le capsule di caff\u00e8 e la macchina te la diamo noi ! 7 tipi di caff\u00e8 diversi dal pi\u00f9 intenso e forte a quello pi\u00f9 delicato dalla crema soave. Tante bevande sfiziose come cioccolata, nocciolino, creme brul\u00e8e, biscottino ma anche i classici cappuccino, orzo, ginseng, the e<a class=\"more-link\" href=\"https:\/\/www.sdservicesrls.com\/index.php\/caffe\/\">Continua a leggere <span class=\"screen-reader-text\">&#8220;REPARTO CAPSULE CAFF\u00c8&#8221;<\/span><\/a><\/p>\n","protected":false},"author":1,"featured_media":0,"parent":0,"menu_order":0,"comment_status":"closed","ping_status":"closed","template":"","meta":{"footnotes":""},"class_list":["post-2126","page","type-page","status-publish","hentry","entry"],"yoast_head":"<!-- This site is optimized with the Yoast SEO plugin v24.9 - https:\/\/yoast.com\/wordpress\/plugins\/seo\/ -->\r\n<title>REPARTO CAPSULE CAFF\u00c8 - SD Service<\/title>\r\n<meta name=\"description\" content=\"Finalmente a Badia Polesine il negozio di capsule e cialde di caff\u00e8 che cercavi! Ogni settimana tante offerte e ti diamo la macchina in comodato d&#039;uso gratuito!\" \/>\r\n<meta name=\"robots\" content=\"index, follow, max-snippet:-1, max-image-preview:large, max-video-preview:-1\" \/>\r\n<link rel=\"canonical\" href=\"https:\/\/www.sdservicesrls.com\/index.php\/caffe\/\" \/>\r\n<meta property=\"og:locale\" content=\"it_IT\" \/>\r\n<meta property=\"og:type\" content=\"article\" \/>\r\n<meta property=\"og:title\" content=\"REPARTO CAPSULE CAFF\u00c8 - SD Service\" \/>\r\n<meta property=\"og:description\" content=\"Finalmente a Badia Polesine il negozio di capsule e cialde di caff\u00e8 che cercavi! Ogni settimana tante offerte e ti diamo la macchina in comodato d&#039;uso gratuito!\" \/>\r\n<meta property=\"og:url\" content=\"https:\/\/www.sdservicesrls.com\/index.php\/caffe\/\" \/>\r\n<meta property=\"og:site_name\" content=\"SD Service\" \/>\r\n<meta property=\"article:publisher\" content=\"https:\/\/www.facebook.com\/sdservicesrls\" \/>\r\n<meta property=\"article:modified_time\" content=\"2026-02-26T09:17:10+00:00\" \/>\r\n<meta property=\"og:image\" content=\"https:\/\/www.sdservicesrls.com\/wp-content\/uploads\/2024\/07\/FOTO-MACCHINE-CAFFE.jpg\" \/>\r\n\t<meta property=\"og:image:width\" content=\"1184\" \/>\r\n\t<meta property=\"og:image:height\" content=\"560\" \/>\r\n\t<meta property=\"og:image:type\" content=\"image\/jpeg\" \/>\r\n<meta name=\"twitter:card\" content=\"summary_large_image\" \/>\r\n<script type=\"application\/ld+json\" class=\"yoast-schema-graph\">{\"@context\":\"https:\/\/schema.org\",\"@graph\":[{\"@type\":\"WebPage\",\"@id\":\"https:\/\/www.sdservicesrls.com\/index.php\/caffe\/\",\"url\":\"https:\/\/www.sdservicesrls.com\/index.php\/caffe\/\",\"name\":\"REPARTO CAPSULE CAFF\u00c8 - SD Service\",\"isPartOf\":{\"@id\":\"https:\/\/www.sdservicesrls.com\/#website\"},\"primaryImageOfPage\":{\"@id\":\"https:\/\/www.sdservicesrls.com\/index.php\/caffe\/#primaryimage\"},\"image\":{\"@id\":\"https:\/\/www.sdservicesrls.com\/index.php\/caffe\/#primaryimage\"},\"thumbnailUrl\":\"https:\/\/www.sdservicesrls.com\/wp-content\/uploads\/2024\/07\/FOTO-MACCHINE-CAFFE-1024x484.jpg\",\"datePublished\":\"2024-04-05T14:39:57+00:00\",\"dateModified\":\"2026-02-26T09:17:10+00:00\",\"description\":\"Finalmente a Badia Polesine il negozio di capsule e cialde di caff\u00e8 che cercavi! Ogni settimana tante offerte e ti diamo la macchina in comodato d'uso gratuito!\",\"breadcrumb\":{\"@id\":\"https:\/\/www.sdservicesrls.com\/index.php\/caffe\/#breadcrumb\"},\"inLanguage\":\"it-IT\",\"potentialAction\":[{\"@type\":\"ReadAction\",\"target\":[\"https:\/\/www.sdservicesrls.com\/index.php\/caffe\/\"]}]},{\"@type\":\"ImageObject\",\"inLanguage\":\"it-IT\",\"@id\":\"https:\/\/www.sdservicesrls.com\/index.php\/caffe\/#primaryimage\",\"url\":\"https:\/\/www.sdservicesrls.com\/wp-content\/uploads\/2024\/07\/FOTO-MACCHINE-CAFFE.jpg\",\"contentUrl\":\"https:\/\/www.sdservicesrls.com\/wp-content\/uploads\/2024\/07\/FOTO-MACCHINE-CAFFE.jpg\",\"width\":1184,\"height\":560},{\"@type\":\"BreadcrumbList\",\"@id\":\"https:\/\/www.sdservicesrls.com\/index.php\/caffe\/#breadcrumb\",\"itemListElement\":[{\"@type\":\"ListItem\",\"position\":1,\"name\":\"Home\",\"item\":\"https:\/\/www.sdservicesrls.com\/\"},{\"@type\":\"ListItem\",\"position\":2,\"name\":\"REPARTO CAPSULE CAFF\u00c8\"}]},{\"@type\":\"WebSite\",\"@id\":\"https:\/\/www.sdservicesrls.com\/#website\",\"url\":\"https:\/\/www.sdservicesrls.com\/\",\"name\":\"SD Service\",\"description\":\"Al tuo fianco per migliorare il futuro\",\"publisher\":{\"@id\":\"https:\/\/www.sdservicesrls.com\/#organization\"},\"potentialAction\":[{\"@type\":\"SearchAction\",\"target\":{\"@type\":\"EntryPoint\",\"urlTemplate\":\"https:\/\/www.sdservicesrls.com\/?s={search_term_string}\"},\"query-input\":{\"@type\":\"PropertyValueSpecification\",\"valueRequired\":true,\"valueName\":\"search_term_string\"}}],\"inLanguage\":\"it-IT\"},{\"@type\":\"Organization\",\"@id\":\"https:\/\/www.sdservicesrls.com\/#organization\",\"name\":\"SD Service\",\"url\":\"https:\/\/www.sdservicesrls.com\/\",\"logo\":{\"@type\":\"ImageObject\",\"inLanguage\":\"it-IT\",\"@id\":\"https:\/\/www.sdservicesrls.com\/#\/schema\/logo\/image\/\",\"url\":\"https:\/\/www.sdservicesrls.com\/wp-content\/uploads\/2024\/03\/cropped-Logo-250x150-px.png\",\"contentUrl\":\"https:\/\/www.sdservicesrls.com\/wp-content\/uploads\/2024\/03\/cropped-Logo-250x150-px.png\",\"width\":250,\"height\":150,\"caption\":\"SD Service\"},\"image\":{\"@id\":\"https:\/\/www.sdservicesrls.com\/#\/schema\/logo\/image\/\"},\"sameAs\":[\"https:\/\/www.facebook.com\/sdservicesrls\",\"https:\/\/www.instagram.com\/sdservice_badiapolesine\/\"]}]}<\/script>\r\n<!-- \/ Yoast SEO plugin. -->","yoast_head_json":{"title":"REPARTO CAPSULE CAFF\u00c8 - SD Service","description":"Finalmente a Badia Polesine il negozio di capsule e cialde di caff\u00e8 che cercavi! Ogni settimana tante offerte e ti diamo la macchina in comodato d'uso gratuito!","robots":{"index":"index","follow":"follow","max-snippet":"max-snippet:-1","max-image-preview":"max-image-preview:large","max-video-preview":"max-video-preview:-1"},"canonical":"https:\/\/www.sdservicesrls.com\/index.php\/caffe\/","og_locale":"it_IT","og_type":"article","og_title":"REPARTO CAPSULE CAFF\u00c8 - SD Service","og_description":"Finalmente a Badia Polesine il negozio di capsule e cialde di caff\u00e8 che cercavi! Ogni settimana tante offerte e ti diamo la macchina in comodato d'uso gratuito!","og_url":"https:\/\/www.sdservicesrls.com\/index.php\/caffe\/","og_site_name":"SD Service","article_publisher":"https:\/\/www.facebook.com\/sdservicesrls","article_modified_time":"2026-02-26T09:17:10+00:00","og_image":[{"width":1184,"height":560,"url":"https:\/\/www.sdservicesrls.com\/wp-content\/uploads\/2024\/07\/FOTO-MACCHINE-CAFFE.jpg","type":"image\/jpeg"}],"twitter_card":"summary_large_image","schema":{"@context":"https:\/\/schema.org","@graph":[{"@type":"WebPage","@id":"https:\/\/www.sdservicesrls.com\/index.php\/caffe\/","url":"https:\/\/www.sdservicesrls.com\/index.php\/caffe\/","name":"REPARTO CAPSULE CAFF\u00c8 - SD Service","isPartOf":{"@id":"https:\/\/www.sdservicesrls.com\/#website"},"primaryImageOfPage":{"@id":"https:\/\/www.sdservicesrls.com\/index.php\/caffe\/#primaryimage"},"image":{"@id":"https:\/\/www.sdservicesrls.com\/index.php\/caffe\/#primaryimage"},"thumbnailUrl":"https:\/\/www.sdservicesrls.com\/wp-content\/uploads\/2024\/07\/FOTO-MACCHINE-CAFFE-1024x484.jpg","datePublished":"2024-04-05T14:39:57+00:00","dateModified":"2026-02-26T09:17:10+00:00","description":"Finalmente a Badia Polesine il negozio di capsule e cialde di caff\u00e8 che cercavi! Ogni settimana tante offerte e ti diamo la macchina in comodato d'uso gratuito!","breadcrumb":{"@id":"https:\/\/www.sdservicesrls.com\/index.php\/caffe\/#breadcrumb"},"inLanguage":"it-IT","potentialAction":[{"@type":"ReadAction","target":["https:\/\/www.sdservicesrls.com\/index.php\/caffe\/"]}]},{"@type":"ImageObject","inLanguage":"it-IT","@id":"https:\/\/www.sdservicesrls.com\/index.php\/caffe\/#primaryimage","url":"https:\/\/www.sdservicesrls.com\/wp-content\/uploads\/2024\/07\/FOTO-MACCHINE-CAFFE.jpg","contentUrl":"https:\/\/www.sdservicesrls.com\/wp-content\/uploads\/2024\/07\/FOTO-MACCHINE-CAFFE.jpg","width":1184,"height":560},{"@type":"BreadcrumbList","@id":"https:\/\/www.sdservicesrls.com\/index.php\/caffe\/#breadcrumb","itemListElement":[{"@type":"ListItem","position":1,"name":"Home","item":"https:\/\/www.sdservicesrls.com\/"},{"@type":"ListItem","position":2,"name":"REPARTO CAPSULE CAFF\u00c8"}]},{"@type":"WebSite","@id":"https:\/\/www.sdservicesrls.com\/#website","url":"https:\/\/www.sdservicesrls.com\/","name":"SD Service","description":"Al tuo fianco per migliorare il futuro","publisher":{"@id":"https:\/\/www.sdservicesrls.com\/#organization"},"potentialAction":[{"@type":"SearchAction","target":{"@type":"EntryPoint","urlTemplate":"https:\/\/www.sdservicesrls.com\/?s={search_term_string}"},"query-input":{"@type":"PropertyValueSpecification","valueRequired":true,"valueName":"search_term_string"}}],"inLanguage":"it-IT"},{"@type":"Organization","@id":"https:\/\/www.sdservicesrls.com\/#organization","name":"SD Service","url":"https:\/\/www.sdservicesrls.com\/","logo":{"@type":"ImageObject","inLanguage":"it-IT","@id":"https:\/\/www.sdservicesrls.com\/#\/schema\/logo\/image\/","url":"https:\/\/www.sdservicesrls.com\/wp-content\/uploads\/2024\/03\/cropped-Logo-250x150-px.png","contentUrl":"https:\/\/www.sdservicesrls.com\/wp-content\/uploads\/2024\/03\/cropped-Logo-250x150-px.png","width":250,"height":150,"caption":"SD Service"},"image":{"@id":"https:\/\/www.sdservicesrls.com\/#\/schema\/logo\/image\/"},"sameAs":["https:\/\/www.facebook.com\/sdservicesrls","https:\/\/www.instagram.com\/sdservice_badiapolesine\/"]}]}},"_links":{"self":[{"href":"https:\/\/www.sdservicesrls.com\/index.php\/wp-json\/wp\/v2\/pages\/2126","targetHints":{"allow":["GET"]}}],"collection":[{"href":"https:\/\/www.sdservicesrls.com\/index.php\/wp-json\/wp\/v2\/pages"}],"about":[{"href":"https:\/\/www.sdservicesrls.com\/index.php\/wp-json\/wp\/v2\/types\/page"}],"author":[{"embeddable":true,"href":"https:\/\/www.sdservicesrls.com\/index.php\/wp-json\/wp\/v2\/users\/1"}],"replies":[{"embeddable":true,"href":"https:\/\/www.sdservicesrls.com\/index.php\/wp-json\/wp\/v2\/comments?post=2126"}],"version-history":[{"count":19,"href":"https:\/\/www.sdservicesrls.com\/index.php\/wp-json\/wp\/v2\/pages\/2126\/revisions"}],"predecessor-version":[{"id":2400,"href":"https:\/\/www.sdservicesrls.com\/index.php\/wp-json\/wp\/v2\/pages\/2126\/revisions\/2400"}],"wp:attachment":[{"href":"https:\/\/www.sdservicesrls.com\/index.php\/wp-json\/wp\/v2\/media?parent=2126"}],"curies":[{"name":"wp","href":"https:\/\/api.w.org\/{rel}","templated":true}]}}