{"id":17,"date":"2021-02-05T12:10:45","date_gmt":"2021-02-05T11:10:45","guid":{"rendered":"https:\/\/www.sdservicesrls.com\/?page_id=17"},"modified":"2024-03-05T11:00:45","modified_gmt":"2024-03-05T10:00:45","slug":"home","status":"publish","type":"page","link":"https:\/\/www.sdservicesrls.com\/","title":{"rendered":""},"content":{"rendered":"\n<div class=\"wp-block-group\"><div class=\"wp-block-group__inner-container is-layout-flow wp-block-group-is-layout-flow\"><\/div><\/div>\n\n\n\n\n\n<h2 class=\"has-text-align-center wp-block-heading\"><span style=\"color:#00aaff\" class=\"has-inline-color\">ACQUA MIGLIORE, VITA MIGLIORE<\/span><\/h2>\n\n\n\n<p><strong>L&#8217; acqua \u00e8 fondamentale per la nostra vita e per la nostra salute.<\/strong>\n<br><br>\nDevi sapere che l&#8217;acqua della rete \u00e8 buona e sicura. Infatti \u00e8 garantita da continui e rigidi controlli imposti per legge.\n<br><br>\nPurtroppo non sempre il sapore ci piace e preferiamo acquistare acqua in bottiglia. Ma pensa al trasporto, conservazione, smaltimento plastiche, emissioni di CO2, alto costo ecc. <strong>Ne vale la pena?<\/strong>\n<br><br>\nIl Frigogasatore, e gli altri sistemi di trattamento domestico delle acque, rendono squisita l&#8217;acqua del tuo rubinetto. Acqua sempre pronta, sempre fresca, sempre deliziosa.\n<br><br>\n<strong>Quanto \u00e8 importante l&#8217;acqua che bevi tu assieme ai tuoi cari o ai tuoi colleghi?<\/strong>\n\n\n<div class=\"wp-block-image\">\n<figure class=\"aligncenter size-large\"><img loading=\"lazy\" decoding=\"async\" width=\"612\" height=\"344\" src=\"https:\/\/www.sdservicesrls.com\/wp-content\/uploads\/2023\/06\/famiglia-che-beve-1.jpg\" alt=\"\" class=\"wp-image-1630\" srcset=\"https:\/\/www.sdservicesrls.com\/wp-content\/uploads\/2023\/06\/famiglia-che-beve-1.jpg 612w, https:\/\/www.sdservicesrls.com\/wp-content\/uploads\/2023\/06\/famiglia-che-beve-1-300x169.jpg 300w\" sizes=\"auto, (max-width: 612px) 100vw, 612px\" \/><\/figure>\n<\/div>\n\n\n<div style=\"height:10px\" aria-hidden=\"true\" class=\"wp-block-spacer\"><\/div>\n\n\n\n<p>In SD Service abbiamo selezionato una linea di dispenser a noleggio con un servizio tutto incluso.<br><br>Con i nostri sistemi potrai avere sempre a disposizione a casa e al lavoro acqua di qualit\u00e0 controllata e personalizzata secondo i tuoi gusti.<\/p>\n\n\n\n<div class=\"wp-block-columns is-layout-flex wp-container-core-columns-is-layout-9d6595d7 wp-block-columns-is-layout-flex\">\n<div class=\"wp-block-column is-layout-flow wp-block-column-is-layout-flow\">\n<div style=\"height:30px\" aria-hidden=\"true\" class=\"wp-block-spacer\"><\/div>\n\n\n\n<figure class=\"wp-block-image size-large\"><img loading=\"lazy\" decoding=\"async\" width=\"800\" height=\"1000\" src=\"https:\/\/www.sdservicesrls.com\/wp-content\/uploads\/2023\/06\/onda-e-laguna.png\" alt=\"\" class=\"wp-image-1665\" srcset=\"https:\/\/www.sdservicesrls.com\/wp-content\/uploads\/2023\/06\/onda-e-laguna.png 800w, https:\/\/www.sdservicesrls.com\/wp-content\/uploads\/2023\/06\/onda-e-laguna-240x300.png 240w, https:\/\/www.sdservicesrls.com\/wp-content\/uploads\/2023\/06\/onda-e-laguna-768x960.png 768w\" sizes=\"auto, (max-width: 800px) 100vw, 800px\" \/><\/figure>\n<\/div>\n\n\n\n<div class=\"wp-block-column is-layout-flow wp-block-column-is-layout-flow\">\n<h3 class=\"wp-block-heading alignwide has-text-align-left\">I FRIGOGASATORI<\/h3>\n\n\n\n<p>Sono sistemi di microfiltrazione dell&#8217;acqua che la raffreddano e la rendono anche frizzante.<br><br>\nUn solo dispositivo collegato alla tua rete idrica per avere un&#8217;eccellente acqua ed eliminare le bottiglie.<br><br>\nCon un <b>nuovo filtro<\/b> appena riprogettato, i nostri frigogasatori sono in grado di <b>affinare la qualit\u00e0 dell&#8217;acqua<\/b> con un filtraggio fino a 0,5 micron. <\/p>\n<\/div>\n<\/div>\n\n\n\n<p>I <b>carboni attivi<\/b> e la <b>graniglia d&#8217;argento<\/b> garantiscono qualit\u00e0 e gusto imbattibili, testati in laboratorio e garantiti ICIM. Perch\u00e9 non passi da noi ad assaggiare un semplice,  delizioso bicchiere d&#8217;acqua?<\/p>\n\n\n\n<div class=\"wp-block-buttons is-layout-flex wp-block-buttons-is-layout-flex\">\n<div class=\"wp-block-button\"><a class=\"wp-block-button__link wp-element-button\">SCOPRI DI PI\u00d9<\/a><\/div>\n<\/div>\n\n\n\n<div class=\"wp-block-buttons alignright is-content-justification-center is-layout-flex wp-container-core-buttons-is-layout-51f7783f wp-block-buttons-is-layout-flex\"><\/div>\n\n\n\n<p><\/p>\n\n\n<div class=\"ti-widget ti-goog\" data-layout-id=\"5\" data-set-id=\"drop-shadow\" data-pid=\"\" data-pager-autoplay-timeout=\"6\" data-review-target-width=\"275\" data-language=\"it\" > <div class=\"ti-widget-container ti-col-4\"> <div class=\"ti-footer source-Google\"> <div class=\"ti-rating-text\"> <strong class=\"ti-rating\"> Eccellente <\/strong> <\/div> <span class=\"ti-stars star-lg\"> <span class=\"ti-star f\"><\/span><span class=\"ti-star f\"><\/span><span class=\"ti-star f\"><\/span><span class=\"ti-star f\"><\/span><span class=\"ti-star f\"><\/span> <\/span> <div class=\"ti-rating-text\"> <span class=\"nowrap\">In base a <strong>76 recensioni<\/strong><\/span> <\/div> <div class=\"ti-large-logo\"> <div class=\"ti-v-center\"> <img loading=\"lazy\" decoding=\"async\" class=\"ti-logo-fb\" src=\"https:\/\/cdn.trustindex.io\/assets\/platform\/Google\/logo.svg\" width=\"150\" height=\"25\" alt=\"Google\" \/> <\/div> <\/div> <\/div> <div class=\"ti-reviews-container\"> <div class=\"ti-controls\"> <div class=\"ti-next\"><\/div> <div class=\"ti-prev\"><\/div> <\/div> <div class=\"ti-reviews-container-wrapper\">  <div data-empty=\"0\" class=\"ti-review-item source-Google\" > <div class=\"ti-inner\"> <div class=\"ti-review-header\"> <div class=\"ti-profile-img\"> <img decoding=\"async\" src=\"https:\/\/lh3.googleusercontent.com\/a\/ACg8ocLNkeohpT8wUsX6NNS-5QQNa7uyyJR7vcyJFrSdPD3p=s120-c-rp-mo-br100\" alt=\"mara zambelli\" \/> <\/div> <div class=\"ti-profile-details\"> <div class=\"ti-name\"> mara zambelli <\/div> <div class=\"ti-date\">2 Marzo 2024<\/div> <\/div> <\/div> <span class=\"ti-stars\"><span class=\"ti-star f\"><\/span><span class=\"ti-star f\"><\/span><span class=\"ti-star f\"><\/span><span class=\"ti-star f\"><\/span><span class=\"ti-star f\"><\/span><\/span> <div class=\"ti-review-text-container ti-review-content\"><!-- R-CONTENT -->Frigogasstore spettacolare mai provato niente di meglio....assistenza immediata\nCordialit\u00e0  garantita<!-- R-CONTENT --><\/div> <span class=\"ti-read-more\" data-container=\".ti-review-content\" data-collapse-text=\"Nascondere\" data-open-text=\"Leggi di pi\u00f9\" ><\/span> <\/div> <\/div>  <div data-empty=\"0\" class=\"ti-review-item source-Google\" > <div class=\"ti-inner\"> <div class=\"ti-review-header\"> <div class=\"ti-profile-img\"> <img decoding=\"async\" src=\"https:\/\/lh3.googleusercontent.com\/a\/ACg8ocKfs4EvAfHt2_e5dFAKGOQrfzCrO-rAqP48RJ7H0zmW=s120-c-rp-mo-br100\" alt=\"Giovanni Colombo\" \/> <\/div> <div class=\"ti-profile-details\"> <div class=\"ti-name\"> Giovanni Colombo <\/div> <div class=\"ti-date\">2 Marzo 2024<\/div> <\/div> <\/div> <span class=\"ti-stars\"><span class=\"ti-star f\"><\/span><span class=\"ti-star f\"><\/span><span class=\"ti-star f\"><\/span><span class=\"ti-star f\"><\/span><span class=\"ti-star f\"><\/span><\/span> <div class=\"ti-review-text-container ti-review-content\"><!-- R-CONTENT -->Quando la passione accomuna la qualit\u00e0 di un azienda il servizio non pu\u00f2 essere che ottimo TOP DI GAMMA... Seriet\u00e0 e disponibilit\u00e0 a 360gradi....<!-- R-CONTENT --><\/div> <span class=\"ti-read-more\" data-container=\".ti-review-content\" data-collapse-text=\"Nascondere\" data-open-text=\"Leggi di pi\u00f9\" ><\/span> <\/div> <\/div>  <div data-empty=\"0\" class=\"ti-review-item source-Google\" > <div class=\"ti-inner\"> <div class=\"ti-review-header\"> <div class=\"ti-profile-img\"> <img decoding=\"async\" src=\"https:\/\/lh3.googleusercontent.com\/a\/ACg8ocIFMiZulEGlbbW3GRelqMJ6p03TR5SuGlYH90o4fFX-=s120-c-rp-mo-br100\" alt=\"stefania prando\" \/> <\/div> <div class=\"ti-profile-details\"> <div class=\"ti-name\"> stefania prando <\/div> <div class=\"ti-date\">24 Febbraio 2024<\/div> <\/div> <\/div> <span class=\"ti-stars\"><span class=\"ti-star f\"><\/span><span class=\"ti-star f\"><\/span><span class=\"ti-star f\"><\/span><span class=\"ti-star f\"><\/span><span class=\"ti-star f\"><\/span><\/span> <div class=\"ti-review-text-container ti-review-content\"><!-- R-CONTENT -->Ho acquistato una piccola macchina da caff\u00e8 che  la  titolare mi ha proposto.\nSoddisfatta!! La consiglio.<!-- R-CONTENT --><\/div> <span class=\"ti-read-more\" data-container=\".ti-review-content\" data-collapse-text=\"Nascondere\" data-open-text=\"Leggi di pi\u00f9\" ><\/span> <\/div> <\/div>  <div data-empty=\"0\" class=\"ti-review-item source-Google\" > <div class=\"ti-inner\"> <div class=\"ti-review-header\"> <div class=\"ti-profile-img\"> <img decoding=\"async\" src=\"https:\/\/lh3.googleusercontent.com\/a-\/ALV-UjXR3UeH8mR47iUdOwQUZPR4Eo3WSR5MlK77CkIOxV-w9A=s120-c-rp-mo-br100\" alt=\"Daniela Mazzonna\" \/> <\/div> <div class=\"ti-profile-details\"> <div class=\"ti-name\"> Daniela Mazzonna <\/div> <div class=\"ti-date\">17 Febbraio 2024<\/div> <\/div> <\/div> <span class=\"ti-stars\"><span class=\"ti-star f\"><\/span><span class=\"ti-star f\"><\/span><span class=\"ti-star f\"><\/span><span class=\"ti-star f\"><\/span><span class=\"ti-star f\"><\/span><\/span> <div class=\"ti-review-text-container ti-review-content\"><!-- R-CONTENT -->SD Service personale affidabile e competente\u2026..non posso pi\u00f9 fare a meno del frigogasatore e vasta scelta di cialde caff\u00e8 e bevande.Consiglio vivamente \ud83d\udd1d<!-- R-CONTENT --><\/div> <span class=\"ti-read-more\" data-container=\".ti-review-content\" data-collapse-text=\"Nascondere\" data-open-text=\"Leggi di pi\u00f9\" ><\/span> <\/div> <\/div>  <div data-empty=\"0\" class=\"ti-review-item source-Google\" > <div class=\"ti-inner\"> <div class=\"ti-review-header\"> <div class=\"ti-profile-img\"> <img decoding=\"async\" src=\"https:\/\/lh3.googleusercontent.com\/a-\/ALV-UjWhQN3E2OiljaX5mvA6QAUdCR1BuNq7pqn8wl8P2JEvHg=s120-c-rp-mo-br100\" alt=\"Giulia Battanello\" \/> <\/div> <div class=\"ti-profile-details\"> <div class=\"ti-name\"> Giulia Battanello <\/div> <div class=\"ti-date\">13 Febbraio 2024<\/div> <\/div> <\/div> <span class=\"ti-stars\"><span class=\"ti-star f\"><\/span><span class=\"ti-star f\"><\/span><span class=\"ti-star f\"><\/span><span class=\"ti-star f\"><\/span><span class=\"ti-star f\"><\/span><\/span> <div class=\"ti-review-text-container ti-review-content\"><!-- R-CONTENT -->Ho avuto modo di provare le capsule di caff\u00e8 compatibili Nespresso e sono rimasta davvero soddisfatta. Il caff\u00e8 \u00e8 ottimo e la variet\u00e0 di miscele \u00e8 davvero ampia. Consiglio vivamente di provarle! Personale molto gentile e competente.<!-- R-CONTENT --><\/div> <span class=\"ti-read-more\" data-container=\".ti-review-content\" data-collapse-text=\"Nascondere\" data-open-text=\"Leggi di pi\u00f9\" ><\/span> <\/div> <\/div>  <div data-empty=\"0\" class=\"ti-review-item source-Google\" > <div class=\"ti-inner\"> <div class=\"ti-review-header\"> <div class=\"ti-profile-img\"> <img decoding=\"async\" src=\"https:\/\/lh3.googleusercontent.com\/a\/ACg8ocJRJGsJSQvZYiQMRNVE6KXerC74WNY81W5tUWB4hXM8=s120-c-rp-mo-br100\" alt=\"Andy Feriani\" \/> <\/div> <div class=\"ti-profile-details\"> <div class=\"ti-name\"> Andy Feriani <\/div> <div class=\"ti-date\">31 Gennaio 2024<\/div> <\/div> <\/div> <span class=\"ti-stars\"><span class=\"ti-star f\"><\/span><span class=\"ti-star f\"><\/span><span class=\"ti-star f\"><\/span><span class=\"ti-star f\"><\/span><span class=\"ti-star f\"><\/span><\/span> <div class=\"ti-review-text-container ti-review-content\"><!-- R-CONTENT -->Ho installato il frigogasatore solo da poche settimane e posso garantire che la comodit\u00e0 non ha prezzo (sia per il fatto di non comprare pi\u00f9 bottiglie in plastica, avere sempre disponibile l'acqua fresca e frizzante con un click, che per il noleggio senza pensieri) L' installazione \u00e8 rapidissima e la qualit\u00e0 dell'acqua eccellente. Se in pi\u00f9 aggiungiamo la cordialita, la disponibilit\u00e0 \u00e8 la seriet\u00e0 dello staff  SD service allora la scelta non pu\u00f2 che essere pi\u00f9 azzeccata. Ve lo consiglio... Informatevi e non aspettate.<!-- R-CONTENT --><\/div> <span class=\"ti-read-more\" data-container=\".ti-review-content\" data-collapse-text=\"Nascondere\" data-open-text=\"Leggi di pi\u00f9\" ><\/span> <\/div> <\/div>  <div data-empty=\"0\" class=\"ti-review-item source-Google\" > <div class=\"ti-inner\"> <div class=\"ti-review-header\"> <div class=\"ti-profile-img\"> <img decoding=\"async\" src=\"https:\/\/lh3.googleusercontent.com\/a\/ACg8ocIQ_wmEvZz_A5d0-IWJR2I3l1LR4_GqJkFbM0rXPkDL=s120-c-rp-mo-br100\" alt=\"Graziella Naso\" \/> <\/div> <div class=\"ti-profile-details\"> <div class=\"ti-name\"> Graziella Naso <\/div> <div class=\"ti-date\">18 Ottobre 2023<\/div> <\/div> <\/div> <span class=\"ti-stars\"><span class=\"ti-star f\"><\/span><span class=\"ti-star f\"><\/span><span class=\"ti-star f\"><\/span><span class=\"ti-star f\"><\/span><span class=\"ti-star f\"><\/span><\/span> <div class=\"ti-review-text-container ti-review-content\"><!-- R-CONTENT -->Una comodita' unica,mi ha anche risolto il problema di mandare sempre mia figlia a prendermi l'acqua, la qualit\u00e0 dell'acqua con questo frigogasatore \u00e8 ottimale  praticamente una soluzione completa...lo consiglio vivamente!<!-- R-CONTENT --><\/div> <span class=\"ti-read-more\" data-container=\".ti-review-content\" data-collapse-text=\"Nascondere\" data-open-text=\"Leggi di pi\u00f9\" ><\/span> <\/div> <\/div>  <div data-empty=\"1\" class=\"ti-review-item source-Google\" > <div class=\"ti-inner\"> <div class=\"ti-review-header\"> <div class=\"ti-profile-img\"> <img decoding=\"async\" src=\"https:\/\/lh3.googleusercontent.com\/a\/ACg8ocJgtRkVyOkzHMQ3u6tVIJP9e5m_XfS1YidUPTPgiNQd=s120-c-rp-mo-br100\" alt=\"Simone Buoso\" \/> <\/div> <div class=\"ti-profile-details\"> <div class=\"ti-name\"> Simone Buoso <\/div> <div class=\"ti-date\">20 Settembre 2023<\/div> <\/div> <\/div> <span class=\"ti-stars\"><span class=\"ti-star f\"><\/span><span class=\"ti-star f\"><\/span><span class=\"ti-star f\"><\/span><span class=\"ti-star f\"><\/span><span class=\"ti-star f\"><\/span><\/span> <div class=\"ti-review-text-container ti-review-content\"><!-- R-CONTENT --><!-- R-CONTENT --><\/div> <span class=\"ti-read-more\" data-container=\".ti-review-content\" data-collapse-text=\"Nascondere\" data-open-text=\"Leggi di pi\u00f9\" ><\/span> <\/div> <\/div>  <div data-empty=\"0\" class=\"ti-review-item source-Google\" > <div class=\"ti-inner\"> <div class=\"ti-review-header\"> <div class=\"ti-profile-img\"> <img decoding=\"async\" src=\"https:\/\/lh3.googleusercontent.com\/a\/ACg8ocK_9BU9UMVCIMjS5PeSPV79J6P9_qylGMqEnuQaPMsw=s120-c-rp-mo-br100\" alt=\"Daniele Padovani\" \/> <\/div> <div class=\"ti-profile-details\"> <div class=\"ti-name\"> Daniele Padovani <\/div> <div class=\"ti-date\">29 Agosto 2023<\/div> <\/div> <\/div> <span class=\"ti-stars\"><span class=\"ti-star f\"><\/span><span class=\"ti-star f\"><\/span><span class=\"ti-star f\"><\/span><span class=\"ti-star f\"><\/span><span class=\"ti-star f\"><\/span><\/span> <div class=\"ti-review-text-container ti-review-content\"><!-- R-CONTENT -->Ho avuto l'opportunit\u00e0 di assaggiare l'acqua del frigogasatore a casa di amici.\n\nLa qualit\u00e0 dell'acqua era evidente fin dal primo sorso. Ho apprezzato la comodit\u00e0 di avere acqua fresca, specialmente nel periodo estivo,  senza dover riempire di bottiglie il frigo di casa.\n\nSono rimasto cos\u00ec soddisfatto  che ho deciso di installare un frigogasatore anche a casa mia.<!-- R-CONTENT --><\/div> <span class=\"ti-read-more\" data-container=\".ti-review-content\" data-collapse-text=\"Nascondere\" data-open-text=\"Leggi di pi\u00f9\" ><\/span> <\/div> <\/div>  <div data-empty=\"0\" class=\"ti-review-item source-Google\" > <div class=\"ti-inner\"> <div class=\"ti-review-header\"> <div class=\"ti-profile-img\"> <img decoding=\"async\" src=\"https:\/\/lh3.googleusercontent.com\/a-\/ALV-UjV6oQ1SaYadzG7PW-TQQFzMaPKpLgnWR6-Z-oK3hzAF49Y=s120-c-rp-mo-br100\" alt=\"Marina Tonello\" \/> <\/div> <div class=\"ti-profile-details\"> <div class=\"ti-name\"> Marina Tonello <\/div> <div class=\"ti-date\">21 Luglio 2023<\/div> <\/div> <\/div> <span class=\"ti-stars\"><span class=\"ti-star f\"><\/span><span class=\"ti-star f\"><\/span><span class=\"ti-star f\"><\/span><span class=\"ti-star f\"><\/span><span class=\"ti-star f\"><\/span><\/span> <div class=\"ti-review-text-container ti-review-content\"><!-- R-CONTENT -->Sono gi\u00e0 due anni che utilizziamo il frigogasatore, dapprima un po' scettici, ora per\u00f2 non torneremo pi\u00f9 indietro. Ottimo prodotto e super efficiente servizio.<!-- R-CONTENT --><\/div> <span class=\"ti-read-more\" data-container=\".ti-review-content\" data-collapse-text=\"Nascondere\" data-open-text=\"Leggi di pi\u00f9\" ><\/span> <\/div> <\/div>  <\/div> <div class=\"ti-controls-line\"> <div class=\"dot\"><\/div> <\/div>  <\/div> <\/div> <\/div>\n","protected":false},"excerpt":{"rendered":"<p>ACQUA MIGLIORE, VITA MIGLIORE L&#8217; acqua \u00e8 fondamentale per la nostra vita e per la nostra salute. Devi sapere che l&#8217;acqua della rete \u00e8 buona e sicura. Infatti \u00e8 garantita da continui e rigidi controlli imposti per legge. Purtroppo non sempre il sapore ci piace e preferiamo acquistare acqua in bottiglia. Ma pensa al trasporto,<a class=\"more-link\" href=\"https:\/\/www.sdservicesrls.com\/\">Continua a leggere <\/a><\/p>\n","protected":false},"author":1,"featured_media":0,"parent":0,"menu_order":0,"comment_status":"closed","ping_status":"closed","template":"","meta":{"footnotes":""},"class_list":["post-17","page","type-page","status-publish","hentry","entry"],"yoast_head":"<!-- This site is optimized with the Yoast SEO plugin v24.9 - https:\/\/yoast.com\/wordpress\/plugins\/seo\/ -->\r\n<title>- SD Service<\/title>\r\n<meta name=\"description\" content=\"Scopri il nuovo frigogasatore, un depuratore di acqua che la raffredda e se vuoi la gasa.\" \/>\r\n<meta name=\"robots\" content=\"index, follow, max-snippet:-1, max-image-preview:large, max-video-preview:-1\" \/>\r\n<link rel=\"canonical\" href=\"https:\/\/www.sdservicesrls.com\/\" \/>\r\n<meta property=\"og:locale\" content=\"it_IT\" \/>\r\n<meta property=\"og:type\" content=\"article\" \/>\r\n<meta property=\"og:title\" content=\"- SD Service\" \/>\r\n<meta property=\"og:description\" content=\"Scopri il nuovo frigogasatore, un depuratore di acqua che la raffredda e se vuoi la gasa.\" \/>\r\n<meta property=\"og:url\" content=\"https:\/\/www.sdservicesrls.com\/\" \/>\r\n<meta property=\"og:site_name\" content=\"SD Service\" \/>\r\n<meta property=\"article:publisher\" content=\"https:\/\/www.facebook.com\/sdservicesrls\" \/>\r\n<meta property=\"article:modified_time\" content=\"2024-03-05T10:00:45+00:00\" \/>\r\n<meta property=\"og:image\" content=\"https:\/\/www.sdservicesrls.com\/wp-content\/uploads\/2023\/06\/famiglia-che-beve-1.jpg\" \/>\r\n<meta name=\"twitter:card\" content=\"summary_large_image\" \/>\r\n<meta name=\"twitter:label1\" content=\"Tempo di lettura stimato\" \/>\n\t<meta name=\"twitter:data1\" content=\"2 minuti\" \/>\r\n<script type=\"application\/ld+json\" class=\"yoast-schema-graph\">{\"@context\":\"https:\/\/schema.org\",\"@graph\":[{\"@type\":\"WebPage\",\"@id\":\"https:\/\/www.sdservicesrls.com\/\",\"url\":\"https:\/\/www.sdservicesrls.com\/\",\"name\":\"- SD Service\",\"isPartOf\":{\"@id\":\"https:\/\/www.sdservicesrls.com\/#website\"},\"primaryImageOfPage\":{\"@id\":\"https:\/\/www.sdservicesrls.com\/#primaryimage\"},\"image\":{\"@id\":\"https:\/\/www.sdservicesrls.com\/#primaryimage\"},\"thumbnailUrl\":\"https:\/\/www.sdservicesrls.com\/wp-content\/uploads\/2023\/06\/famiglia-che-beve-1.jpg\",\"datePublished\":\"2021-02-05T11:10:45+00:00\",\"dateModified\":\"2024-03-05T10:00:45+00:00\",\"description\":\"Scopri il nuovo frigogasatore, un depuratore di acqua che la raffredda e se vuoi la gasa.\",\"inLanguage\":\"it-IT\",\"potentialAction\":[{\"@type\":\"ReadAction\",\"target\":[\"https:\/\/www.sdservicesrls.com\/\"]}]},{\"@type\":\"ImageObject\",\"inLanguage\":\"it-IT\",\"@id\":\"https:\/\/www.sdservicesrls.com\/#primaryimage\",\"url\":\"https:\/\/www.sdservicesrls.com\/wp-content\/uploads\/2023\/06\/famiglia-che-beve-1.jpg\",\"contentUrl\":\"https:\/\/www.sdservicesrls.com\/wp-content\/uploads\/2023\/06\/famiglia-che-beve-1.jpg\",\"width\":612,\"height\":344,\"caption\":\"Happy healthy young family drinking pure mineral water together, thirsty dehydrated mother and father with cute little daughter holding glasses, sitting on couch in living room, healthy lifestyle\"},{\"@type\":\"WebSite\",\"@id\":\"https:\/\/www.sdservicesrls.com\/#website\",\"url\":\"https:\/\/www.sdservicesrls.com\/\",\"name\":\"SD Service\",\"description\":\"Al tuo fianco per migliorare il futuro\",\"publisher\":{\"@id\":\"https:\/\/www.sdservicesrls.com\/#organization\"},\"potentialAction\":[{\"@type\":\"SearchAction\",\"target\":{\"@type\":\"EntryPoint\",\"urlTemplate\":\"https:\/\/www.sdservicesrls.com\/?s={search_term_string}\"},\"query-input\":{\"@type\":\"PropertyValueSpecification\",\"valueRequired\":true,\"valueName\":\"search_term_string\"}}],\"inLanguage\":\"it-IT\"},{\"@type\":\"Organization\",\"@id\":\"https:\/\/www.sdservicesrls.com\/#organization\",\"name\":\"SD Service\",\"url\":\"https:\/\/www.sdservicesrls.com\/\",\"logo\":{\"@type\":\"ImageObject\",\"inLanguage\":\"it-IT\",\"@id\":\"https:\/\/www.sdservicesrls.com\/#\/schema\/logo\/image\/\",\"url\":\"https:\/\/www.sdservicesrls.com\/wp-content\/uploads\/2024\/03\/cropped-Logo-250x150-px.png\",\"contentUrl\":\"https:\/\/www.sdservicesrls.com\/wp-content\/uploads\/2024\/03\/cropped-Logo-250x150-px.png\",\"width\":250,\"height\":150,\"caption\":\"SD Service\"},\"image\":{\"@id\":\"https:\/\/www.sdservicesrls.com\/#\/schema\/logo\/image\/\"},\"sameAs\":[\"https:\/\/www.facebook.com\/sdservicesrls\",\"https:\/\/www.instagram.com\/sdservice_badiapolesine\/\"]}]}<\/script>\r\n<!-- \/ Yoast SEO plugin. -->","yoast_head_json":{"title":"- SD Service","description":"Scopri il nuovo frigogasatore, un depuratore di acqua che la raffredda e se vuoi la gasa.","robots":{"index":"index","follow":"follow","max-snippet":"max-snippet:-1","max-image-preview":"max-image-preview:large","max-video-preview":"max-video-preview:-1"},"canonical":"https:\/\/www.sdservicesrls.com\/","og_locale":"it_IT","og_type":"article","og_title":"- SD Service","og_description":"Scopri il nuovo frigogasatore, un depuratore di acqua che la raffredda e se vuoi la gasa.","og_url":"https:\/\/www.sdservicesrls.com\/","og_site_name":"SD Service","article_publisher":"https:\/\/www.facebook.com\/sdservicesrls","article_modified_time":"2024-03-05T10:00:45+00:00","og_image":[{"url":"https:\/\/www.sdservicesrls.com\/wp-content\/uploads\/2023\/06\/famiglia-che-beve-1.jpg","type":"","width":"","height":""}],"twitter_card":"summary_large_image","twitter_misc":{"Tempo di lettura stimato":"2 minuti"},"schema":{"@context":"https:\/\/schema.org","@graph":[{"@type":"WebPage","@id":"https:\/\/www.sdservicesrls.com\/","url":"https:\/\/www.sdservicesrls.com\/","name":"- SD Service","isPartOf":{"@id":"https:\/\/www.sdservicesrls.com\/#website"},"primaryImageOfPage":{"@id":"https:\/\/www.sdservicesrls.com\/#primaryimage"},"image":{"@id":"https:\/\/www.sdservicesrls.com\/#primaryimage"},"thumbnailUrl":"https:\/\/www.sdservicesrls.com\/wp-content\/uploads\/2023\/06\/famiglia-che-beve-1.jpg","datePublished":"2021-02-05T11:10:45+00:00","dateModified":"2024-03-05T10:00:45+00:00","description":"Scopri il nuovo frigogasatore, un depuratore di acqua che la raffredda e se vuoi la gasa.","inLanguage":"it-IT","potentialAction":[{"@type":"ReadAction","target":["https:\/\/www.sdservicesrls.com\/"]}]},{"@type":"ImageObject","inLanguage":"it-IT","@id":"https:\/\/www.sdservicesrls.com\/#primaryimage","url":"https:\/\/www.sdservicesrls.com\/wp-content\/uploads\/2023\/06\/famiglia-che-beve-1.jpg","contentUrl":"https:\/\/www.sdservicesrls.com\/wp-content\/uploads\/2023\/06\/famiglia-che-beve-1.jpg","width":612,"height":344,"caption":"Happy healthy young family drinking pure mineral water together, thirsty dehydrated mother and father with cute little daughter holding glasses, sitting on couch in living room, healthy lifestyle"},{"@type":"WebSite","@id":"https:\/\/www.sdservicesrls.com\/#website","url":"https:\/\/www.sdservicesrls.com\/","name":"SD Service","description":"Al tuo fianco per migliorare il futuro","publisher":{"@id":"https:\/\/www.sdservicesrls.com\/#organization"},"potentialAction":[{"@type":"SearchAction","target":{"@type":"EntryPoint","urlTemplate":"https:\/\/www.sdservicesrls.com\/?s={search_term_string}"},"query-input":{"@type":"PropertyValueSpecification","valueRequired":true,"valueName":"search_term_string"}}],"inLanguage":"it-IT"},{"@type":"Organization","@id":"https:\/\/www.sdservicesrls.com\/#organization","name":"SD Service","url":"https:\/\/www.sdservicesrls.com\/","logo":{"@type":"ImageObject","inLanguage":"it-IT","@id":"https:\/\/www.sdservicesrls.com\/#\/schema\/logo\/image\/","url":"https:\/\/www.sdservicesrls.com\/wp-content\/uploads\/2024\/03\/cropped-Logo-250x150-px.png","contentUrl":"https:\/\/www.sdservicesrls.com\/wp-content\/uploads\/2024\/03\/cropped-Logo-250x150-px.png","width":250,"height":150,"caption":"SD Service"},"image":{"@id":"https:\/\/www.sdservicesrls.com\/#\/schema\/logo\/image\/"},"sameAs":["https:\/\/www.facebook.com\/sdservicesrls","https:\/\/www.instagram.com\/sdservice_badiapolesine\/"]}]}},"_links":{"self":[{"href":"https:\/\/www.sdservicesrls.com\/index.php\/wp-json\/wp\/v2\/pages\/17","targetHints":{"allow":["GET"]}}],"collection":[{"href":"https:\/\/www.sdservicesrls.com\/index.php\/wp-json\/wp\/v2\/pages"}],"about":[{"href":"https:\/\/www.sdservicesrls.com\/index.php\/wp-json\/wp\/v2\/types\/page"}],"author":[{"embeddable":true,"href":"https:\/\/www.sdservicesrls.com\/index.php\/wp-json\/wp\/v2\/users\/1"}],"replies":[{"embeddable":true,"href":"https:\/\/www.sdservicesrls.com\/index.php\/wp-json\/wp\/v2\/comments?post=17"}],"version-history":[{"count":97,"href":"https:\/\/www.sdservicesrls.com\/index.php\/wp-json\/wp\/v2\/pages\/17\/revisions"}],"predecessor-version":[{"id":2115,"href":"https:\/\/www.sdservicesrls.com\/index.php\/wp-json\/wp\/v2\/pages\/17\/revisions\/2115"}],"wp:attachment":[{"href":"https:\/\/www.sdservicesrls.com\/index.php\/wp-json\/wp\/v2\/media?parent=17"}],"curies":[{"name":"wp","href":"https:\/\/api.w.org\/{rel}","templated":true}]}}